{"id":643,"date":"2021-03-08T11:14:46","date_gmt":"2021-03-08T11:14:46","guid":{"rendered":"http:\/\/www.januvdvur.cz\/?page_id=643"},"modified":"2023-05-23T22:59:03","modified_gmt":"2023-05-23T22:59:03","slug":"pro-deti","status":"publish","type":"page","link":"https:\/\/www.januvdvur.cz\/index.php\/penzion\/pro-deti\/","title":{"rendered":"Pro d\u011bti"},"content":{"rendered":"\n<h2 class=\"wp-block-heading\"><strong>Houpa\u010dky a p\u00edskovi\u0161t\u011b<\/strong><\/h2>\n\n\n\n<p>Ve dvo\u0159e m\u00e1me houpac\u00edho kon\u011b, p\u00edskovi\u0161t\u011b a&nbsp;v&nbsp;korun\u011b star\u00e9ho o\u0159echu minirozhlednu. V&nbsp;kempu najdete houpa\u010dku pro dva. Pokud by V\u00e1m na\u0161e atrakce nesta\u010dily, za kostelem najdete obecn\u00ed h\u0159i\u0161t\u011b s pr\u016flezkami.<\/p>\n\n\n\n<div class=\"wp-block-columns is-layout-flex wp-container-core-columns-is-layout-9d6595d7 wp-block-columns-is-layout-flex\">\n<div class=\"wp-block-column is-layout-flow wp-block-column-is-layout-flow\">\n<figure class=\"wp-block-image size-large\"><img fetchpriority=\"high\" decoding=\"async\" width=\"1024\" height=\"683\" src=\"https:\/\/www.januvdvur.cz\/wp-content\/uploads\/2021\/03\/prodeti3-1024x683.jpg\" alt=\"J\u00e1\u0148\u016fv dv\u016fr pro d\u011bti\" class=\"wp-image-644\" srcset=\"https:\/\/www.januvdvur.cz\/wp-content\/uploads\/2021\/03\/prodeti3-1024x683.jpg 1024w, https:\/\/www.januvdvur.cz\/wp-content\/uploads\/2021\/03\/prodeti3-300x200.jpg 300w, https:\/\/www.januvdvur.cz\/wp-content\/uploads\/2021\/03\/prodeti3-768x512.jpg 768w, https:\/\/www.januvdvur.cz\/wp-content\/uploads\/2021\/03\/prodeti3.jpg 1200w\" sizes=\"(max-width: 1024px) 100vw, 1024px\" \/><\/figure>\n<\/div>\n\n\n\n<div class=\"wp-block-column is-layout-flow wp-block-column-is-layout-flow\">\n<figure class=\"wp-block-image size-large\"><img decoding=\"async\" width=\"1024\" height=\"683\" src=\"https:\/\/www.januvdvur.cz\/wp-content\/uploads\/2021\/03\/prodeti2-1024x683.jpg\" alt=\"J\u00e1\u0148\u016fv dv\u016fr pro d\u011bti\" class=\"wp-image-645\" srcset=\"https:\/\/www.januvdvur.cz\/wp-content\/uploads\/2021\/03\/prodeti2-1024x683.jpg 1024w, https:\/\/www.januvdvur.cz\/wp-content\/uploads\/2021\/03\/prodeti2-300x200.jpg 300w, https:\/\/www.januvdvur.cz\/wp-content\/uploads\/2021\/03\/prodeti2-768x512.jpg 768w, https:\/\/www.januvdvur.cz\/wp-content\/uploads\/2021\/03\/prodeti2.jpg 1200w\" sizes=\"(max-width: 1024px) 100vw, 1024px\" \/><\/figure>\n<\/div>\n<\/div>\n\n\n\n<h2 class=\"wp-block-heading\"><strong>Zookoutek<\/strong><\/h2>\n\n\n\n<p>Nach\u00e1z\u00ed se p\u0159\u00edmo v J\u00e1\u0148ov\u011b dvo\u0159e za recepc\u00ed v\u00a0kempu. Zde m\u016f\u017eou Va\u0161e d\u011bti p\u0159es hrazen\u00ed krmit speci\u00e1ln\u00edm krmivem na\u0161i velmi mlsn\u00e9 kozy \u017dofku a\u00a0Uzlinku, ale bez vstupov\u00e1n\u00ed dovnit\u0159 \u2013 \u017dofka toti\u017e trk\u00e1!\u00a0<\/p>\n\n\n\n<div class=\"wp-block-columns is-layout-flex wp-container-core-columns-is-layout-9d6595d7 wp-block-columns-is-layout-flex\">\n<div class=\"wp-block-column is-layout-flow wp-block-column-is-layout-flow\">\n<figure class=\"wp-block-image size-large\"><img decoding=\"async\" width=\"1024\" height=\"683\" src=\"https:\/\/www.januvdvur.cz\/wp-content\/uploads\/2021\/03\/zookout1-1024x683.jpg\" alt=\"J\u00e1\u0148\u016fv dv\u016fr pro d\u011bti zookoutek\" class=\"wp-image-646\" srcset=\"https:\/\/www.januvdvur.cz\/wp-content\/uploads\/2021\/03\/zookout1-1024x683.jpg 1024w, https:\/\/www.januvdvur.cz\/wp-content\/uploads\/2021\/03\/zookout1-300x200.jpg 300w, https:\/\/www.januvdvur.cz\/wp-content\/uploads\/2021\/03\/zookout1-768x512.jpg 768w, https:\/\/www.januvdvur.cz\/wp-content\/uploads\/2021\/03\/zookout1.jpg 1200w\" sizes=\"(max-width: 1024px) 100vw, 1024px\" \/><\/figure>\n<\/div>\n\n\n\n<div class=\"wp-block-column is-layout-flow wp-block-column-is-layout-flow\">\n<figure class=\"wp-block-image size-large\"><img loading=\"lazy\" decoding=\"async\" width=\"1024\" height=\"683\" src=\"https:\/\/www.januvdvur.cz\/wp-content\/uploads\/2021\/03\/zookout2-1024x683.jpg\" alt=\"J\u00e1\u0148\u016fv dv\u016fr pro d\u011bti zookoutek\" class=\"wp-image-647\" srcset=\"https:\/\/www.januvdvur.cz\/wp-content\/uploads\/2021\/03\/zookout2-1024x683.jpg 1024w, https:\/\/www.januvdvur.cz\/wp-content\/uploads\/2021\/03\/zookout2-300x200.jpg 300w, https:\/\/www.januvdvur.cz\/wp-content\/uploads\/2021\/03\/zookout2-768x512.jpg 768w, https:\/\/www.januvdvur.cz\/wp-content\/uploads\/2021\/03\/zookout2.jpg 1200w\" sizes=\"(max-width: 1024px) 100vw, 1024px\" \/><\/figure>\n<\/div>\n<\/div>\n\n\n\n<div class=\"wp-block-columns is-layout-flex wp-container-core-columns-is-layout-9d6595d7 wp-block-columns-is-layout-flex\"><\/div>\n\n\n\n<div class=\"wp-block-columns is-layout-flex wp-container-core-columns-is-layout-9d6595d7 wp-block-columns-is-layout-flex\"><\/div>\n","protected":false},"excerpt":{"rendered":"<p>Houpa\u010dky a p\u00edskovi\u0161t\u011b Ve dvo\u0159e m\u00e1me houpac\u00edho kon\u011b, p\u00edskovi\u0161t\u011b a&nbsp;v&nbsp;korun\u011b star\u00e9ho o\u0159echu minirozhlednu. V&nbsp;kempu najdete houpa\u010dku pro dva. Pokud by V\u00e1m na\u0161e atrakce nesta\u010dily, za kostelem najdete obecn\u00ed h\u0159i\u0161t\u011b s pr\u016flezkami. Zookoutek Nach\u00e1z\u00ed se p\u0159\u00edmo v J\u00e1\u0148ov\u011b dvo\u0159e za recepc\u00ed v\u00a0kempu. Zde m\u016f\u017eou Va\u0161e d\u011bti p\u0159es hrazen\u00ed krmit speci\u00e1ln\u00edm krmivem na\u0161i velmi mlsn\u00e9 kozy \u017dofku &hellip; <\/p>\n<p class=\"link-more\"><a href=\"https:\/\/www.januvdvur.cz\/index.php\/penzion\/pro-deti\/\" class=\"more-link\">Read the full post &rarr;<span class=\"screen-reader-text\">&#8222;Pro d\u011bti&#8220;<\/span><\/a><\/p>\n","protected":false},"author":1,"featured_media":0,"parent":22,"menu_order":0,"comment_status":"closed","ping_status":"closed","template":"","meta":{"footnotes":""},"class_list":["post-643","page","type-page","status-publish","hentry"],"_links":{"self":[{"href":"https:\/\/www.januvdvur.cz\/index.php\/wp-json\/wp\/v2\/pages\/643","targetHints":{"allow":["GET"]}}],"collection":[{"href":"https:\/\/www.januvdvur.cz\/index.php\/wp-json\/wp\/v2\/pages"}],"about":[{"href":"https:\/\/www.januvdvur.cz\/index.php\/wp-json\/wp\/v2\/types\/page"}],"author":[{"embeddable":true,"href":"https:\/\/www.januvdvur.cz\/index.php\/wp-json\/wp\/v2\/users\/1"}],"replies":[{"embeddable":true,"href":"https:\/\/www.januvdvur.cz\/index.php\/wp-json\/wp\/v2\/comments?post=643"}],"version-history":[{"count":7,"href":"https:\/\/www.januvdvur.cz\/index.php\/wp-json\/wp\/v2\/pages\/643\/revisions"}],"predecessor-version":[{"id":1357,"href":"https:\/\/www.januvdvur.cz\/index.php\/wp-json\/wp\/v2\/pages\/643\/revisions\/1357"}],"up":[{"embeddable":true,"href":"https:\/\/www.januvdvur.cz\/index.php\/wp-json\/wp\/v2\/pages\/22"}],"wp:attachment":[{"href":"https:\/\/www.januvdvur.cz\/index.php\/wp-json\/wp\/v2\/media?parent=643"}],"curies":[{"name":"wp","href":"https:\/\/api.w.org\/{rel}","templated":true}]}}