{"id":52,"date":"2021-02-15T12:28:20","date_gmt":"2021-02-15T12:28:20","guid":{"rendered":"http:\/\/www.januvdvur.cz\/?page_id=52"},"modified":"2025-09-01T18:44:52","modified_gmt":"2025-09-01T18:44:52","slug":"hospudka","status":"publish","type":"page","link":"https:\/\/www.januvdvur.cz\/index.php\/hospudka\/","title":{"rendered":"HOSPODA"},"content":{"rendered":"\n<p><strong>Kartou<\/strong> u n\u00e1s platit <strong>lze<\/strong>.<\/p>\n\n\n\n<p>Otev\u00edrac\u00ed doba hosp\u016fdky je v z\u00e1\u0159\u00ed 11-20 hodin (21 pro u n\u00e1s ubytovan\u00e9), posledn\u00ed objedn\u00e1vka z kuchyn\u011b je v\u0161ak v 19:45.<\/p>\n\n\n\n<figure class=\"wp-block-image size-large\"><img fetchpriority=\"high\" decoding=\"async\" width=\"724\" height=\"1024\" src=\"https:\/\/www.januvdvur.cz\/wp-content\/uploads\/2024\/06\/Jidelak-2024-CZ-724x1024.jpg\" alt=\"\" class=\"wp-image-1497\" srcset=\"https:\/\/www.januvdvur.cz\/wp-content\/uploads\/2024\/06\/Jidelak-2024-CZ-724x1024.jpg 724w, https:\/\/www.januvdvur.cz\/wp-content\/uploads\/2024\/06\/Jidelak-2024-CZ-212x300.jpg 212w, https:\/\/www.januvdvur.cz\/wp-content\/uploads\/2024\/06\/Jidelak-2024-CZ-768x1086.jpg 768w, https:\/\/www.januvdvur.cz\/wp-content\/uploads\/2024\/06\/Jidelak-2024-CZ-1086x1536.jpg 1086w, https:\/\/www.januvdvur.cz\/wp-content\/uploads\/2024\/06\/Jidelak-2024-CZ.jpg 1240w\" sizes=\"(max-width: 724px) 100vw, 724px\" \/><\/figure>\n\n\n\n<p><strong><br><\/strong><\/p>\n\n\n\n<figure class=\"wp-block-image size-large\"><img decoding=\"async\" width=\"724\" height=\"1024\" src=\"https:\/\/www.januvdvur.cz\/wp-content\/uploads\/2024\/06\/Jidelak-2024-CZ2-724x1024.jpg\" alt=\"\" class=\"wp-image-1499\" srcset=\"https:\/\/www.januvdvur.cz\/wp-content\/uploads\/2024\/06\/Jidelak-2024-CZ2-724x1024.jpg 724w, https:\/\/www.januvdvur.cz\/wp-content\/uploads\/2024\/06\/Jidelak-2024-CZ2-212x300.jpg 212w, https:\/\/www.januvdvur.cz\/wp-content\/uploads\/2024\/06\/Jidelak-2024-CZ2-768x1086.jpg 768w, https:\/\/www.januvdvur.cz\/wp-content\/uploads\/2024\/06\/Jidelak-2024-CZ2-1086x1536.jpg 1086w, https:\/\/www.januvdvur.cz\/wp-content\/uploads\/2024\/06\/Jidelak-2024-CZ2.jpg 1240w\" sizes=\"(max-width: 724px) 100vw, 724px\" \/><\/figure>\n","protected":false},"excerpt":{"rendered":"<p>Kartou u n\u00e1s platit lze. Otev\u00edrac\u00ed doba hosp\u016fdky je v z\u00e1\u0159\u00ed 11-20 hodin (21 pro u n\u00e1s ubytovan\u00e9), posledn\u00ed objedn\u00e1vka z kuchyn\u011b je v\u0161ak v 19:45.<\/p>\n","protected":false},"author":1,"featured_media":0,"parent":0,"menu_order":0,"comment_status":"closed","ping_status":"closed","template":"","meta":{"footnotes":""},"class_list":["post-52","page","type-page","status-publish","hentry"],"_links":{"self":[{"href":"https:\/\/www.januvdvur.cz\/index.php\/wp-json\/wp\/v2\/pages\/52","targetHints":{"allow":["GET"]}}],"collection":[{"href":"https:\/\/www.januvdvur.cz\/index.php\/wp-json\/wp\/v2\/pages"}],"about":[{"href":"https:\/\/www.januvdvur.cz\/index.php\/wp-json\/wp\/v2\/types\/page"}],"author":[{"embeddable":true,"href":"https:\/\/www.januvdvur.cz\/index.php\/wp-json\/wp\/v2\/users\/1"}],"replies":[{"embeddable":true,"href":"https:\/\/www.januvdvur.cz\/index.php\/wp-json\/wp\/v2\/comments?post=52"}],"version-history":[{"count":63,"href":"https:\/\/www.januvdvur.cz\/index.php\/wp-json\/wp\/v2\/pages\/52\/revisions"}],"predecessor-version":[{"id":1607,"href":"https:\/\/www.januvdvur.cz\/index.php\/wp-json\/wp\/v2\/pages\/52\/revisions\/1607"}],"wp:attachment":[{"href":"https:\/\/www.januvdvur.cz\/index.php\/wp-json\/wp\/v2\/media?parent=52"}],"curies":[{"name":"wp","href":"https:\/\/api.w.org\/{rel}","templated":true}]}}