{"id":251,"date":"2021-02-20T18:08:44","date_gmt":"2021-02-20T18:08:44","guid":{"rendered":"http:\/\/www.januvdvur.cz\/?page_id=251"},"modified":"2022-06-14T21:33:05","modified_gmt":"2022-06-14T21:33:05","slug":"vinny-sklipek","status":"publish","type":"page","link":"https:\/\/www.januvdvur.cz\/index.php\/penzion\/vinny-sklipek\/","title":{"rendered":"Vinn\u00fd skl\u00edpek"},"content":{"rendered":"\n<p>Nach\u00e1z\u00ed se na n\u00e1vr\u0161\u00ed ve zdej\u0161\u00edch vinic\u00edch a je od n\u011bj kr\u00e1sn\u00fd v\u00fdhled do krajiny, zejm\u00e9na p\u0159i z\u00e1padu slunce. Skl\u00edpek je vzd\u00e1len asi <strong>\u010dtvrt hodiny<\/strong> p\u011b\u0161ky od J\u00e1\u0148ova dvora a je k dispozici u n\u00e1s <strong>ubytovan\u00fdm host\u016fm<\/strong>. Ti obdr\u017e\u00ed piknikov\u00fd ko\u0161 s&nbsp;j\u00eddlem, kter\u00fd si p\u0159edem objednali na <strong>recepci<\/strong>, ve&nbsp;skl\u00edpku na n\u011b \u010dek\u00e1 v\u00fdb\u011br <strong>lahvov\u00fdch v\u00edn<\/strong> z&nbsp;m\u00edstn\u00edch vinic. V\u00edce informac\u00ed o na\u0161em skl\u00edpku \u017e\u00e1dejte na recepci nebo na baru.<\/p>\n\n\n\n<p><strong><a href=\"https:\/\/www.januvdvur.cz\/index.php\/fotogalerie\/fotogalerie-sklipek\/\" data-type=\"page\" data-id=\"560\">Fotogalerie na\u0161eho skl\u00edpku<\/a><\/strong><\/p>\n\n\n\n<div class=\"wp-block-columns is-layout-flex wp-container-core-columns-is-layout-9d6595d7 wp-block-columns-is-layout-flex\">\n<div class=\"wp-block-column is-layout-flow wp-block-column-is-layout-flow\">\n<figure class=\"wp-block-image size-large\"><img fetchpriority=\"high\" decoding=\"async\" width=\"1024\" height=\"652\" src=\"https:\/\/www.januvdvur.cz\/wp-content\/uploads\/2021\/02\/sklipek-1-1-1024x652.jpg\" alt=\"J\u00e1\u0148\u016fv dv\u016fr skl\u00edpek\" class=\"wp-image-254\" srcset=\"https:\/\/www.januvdvur.cz\/wp-content\/uploads\/2021\/02\/sklipek-1-1-1024x652.jpg 1024w, https:\/\/www.januvdvur.cz\/wp-content\/uploads\/2021\/02\/sklipek-1-1-300x191.jpg 300w, https:\/\/www.januvdvur.cz\/wp-content\/uploads\/2021\/02\/sklipek-1-1-768x489.jpg 768w, https:\/\/www.januvdvur.cz\/wp-content\/uploads\/2021\/02\/sklipek-1-1.jpg 1200w\" sizes=\"(max-width: 1024px) 100vw, 1024px\" \/><\/figure>\n<\/div>\n\n\n\n<div class=\"wp-block-column is-layout-flow wp-block-column-is-layout-flow\">\n<figure class=\"wp-block-image size-large\"><img decoding=\"async\" width=\"1024\" height=\"652\" src=\"https:\/\/www.januvdvur.cz\/wp-content\/uploads\/2021\/02\/sklipek-2-1-1024x652.jpg\" alt=\"J\u00e1\u0148\u016fv dv\u016fr skl\u00edpek\" class=\"wp-image-255\" srcset=\"https:\/\/www.januvdvur.cz\/wp-content\/uploads\/2021\/02\/sklipek-2-1-1024x652.jpg 1024w, https:\/\/www.januvdvur.cz\/wp-content\/uploads\/2021\/02\/sklipek-2-1-300x191.jpg 300w, https:\/\/www.januvdvur.cz\/wp-content\/uploads\/2021\/02\/sklipek-2-1-768x489.jpg 768w, https:\/\/www.januvdvur.cz\/wp-content\/uploads\/2021\/02\/sklipek-2-1.jpg 1200w\" sizes=\"(max-width: 1024px) 100vw, 1024px\" \/><\/figure>\n<\/div>\n<\/div>\n","protected":false},"excerpt":{"rendered":"<p>Nach\u00e1z\u00ed se na n\u00e1vr\u0161\u00ed ve zdej\u0161\u00edch vinic\u00edch a je od n\u011bj kr\u00e1sn\u00fd v\u00fdhled do krajiny, zejm\u00e9na p\u0159i z\u00e1padu slunce. Skl\u00edpek je vzd\u00e1len asi \u010dtvrt hodiny p\u011b\u0161ky od J\u00e1\u0148ova dvora a je k dispozici u n\u00e1s ubytovan\u00fdm host\u016fm. Ti obdr\u017e\u00ed piknikov\u00fd ko\u0161 s&nbsp;j\u00eddlem, kter\u00fd si p\u0159edem objednali na recepci, ve&nbsp;skl\u00edpku na n\u011b \u010dek\u00e1 v\u00fdb\u011br lahvov\u00fdch v\u00edn &hellip; <\/p>\n<p class=\"link-more\"><a href=\"https:\/\/www.januvdvur.cz\/index.php\/penzion\/vinny-sklipek\/\" class=\"more-link\">Read the full post &rarr;<span class=\"screen-reader-text\">&#8222;Vinn\u00fd skl\u00edpek&#8220;<\/span><\/a><\/p>\n","protected":false},"author":1,"featured_media":0,"parent":22,"menu_order":0,"comment_status":"closed","ping_status":"closed","template":"","meta":{"footnotes":""},"class_list":["post-251","page","type-page","status-publish","hentry"],"_links":{"self":[{"href":"https:\/\/www.januvdvur.cz\/index.php\/wp-json\/wp\/v2\/pages\/251","targetHints":{"allow":["GET"]}}],"collection":[{"href":"https:\/\/www.januvdvur.cz\/index.php\/wp-json\/wp\/v2\/pages"}],"about":[{"href":"https:\/\/www.januvdvur.cz\/index.php\/wp-json\/wp\/v2\/types\/page"}],"author":[{"embeddable":true,"href":"https:\/\/www.januvdvur.cz\/index.php\/wp-json\/wp\/v2\/users\/1"}],"replies":[{"embeddable":true,"href":"https:\/\/www.januvdvur.cz\/index.php\/wp-json\/wp\/v2\/comments?post=251"}],"version-history":[{"count":8,"href":"https:\/\/www.januvdvur.cz\/index.php\/wp-json\/wp\/v2\/pages\/251\/revisions"}],"predecessor-version":[{"id":1253,"href":"https:\/\/www.januvdvur.cz\/index.php\/wp-json\/wp\/v2\/pages\/251\/revisions\/1253"}],"up":[{"embeddable":true,"href":"https:\/\/www.januvdvur.cz\/index.php\/wp-json\/wp\/v2\/pages\/22"}],"wp:attachment":[{"href":"https:\/\/www.januvdvur.cz\/index.php\/wp-json\/wp\/v2\/media?parent=251"}],"curies":[{"name":"wp","href":"https:\/\/api.w.org\/{rel}","templated":true}]}}