{"id":191,"date":"2021-02-20T12:58:01","date_gmt":"2021-02-20T12:58:01","guid":{"rendered":"http:\/\/www.januvdvur.cz\/?page_id=191"},"modified":"2021-06-24T15:15:54","modified_gmt":"2021-06-24T15:15:54","slug":"virtualni-prohlidka","status":"publish","type":"page","link":"https:\/\/www.januvdvur.cz\/index.php\/o-nas\/virtualni-prohlidka\/","title":{"rendered":"Virtu\u00e1ln\u00ed prohl\u00eddka"},"content":{"rendered":"\n<p>Prohl\u00e9dn\u011bte si prostory J\u00e1\u0148ova dvora, neost\u00fdchejte se vej\u00edt ani do otev\u0159en\u00fdch dve\u0159\u00ed&#8230;<\/p>\n\n\n<p><iframe src=\"https:\/\/www.google.com\/maps\/embed?pb=!4v1624510956767!6m8!1m7!1sCAoSLEFGMVFpcE1rSmhoTnd6cFVxU1BmY1k2WnRzdF9ETi1EUDB5LWRDby0zaWta!2m2!1d48.8077242!2d16.4941852!3f15.278209235549182!4f-4.958223222275905!5f0.7820865974627469\" width=\"900\" height=\"470\" style=\"border:0;\" allowfullscreen=\"\" loading=\"lazy\"><\/iframe><\/p>\n","protected":false},"excerpt":{"rendered":"<p>Prohl\u00e9dn\u011bte si prostory J\u00e1\u0148ova dvora, neost\u00fdchejte se vej\u00edt ani do otev\u0159en\u00fdch dve\u0159\u00ed&#8230;<\/p>\n","protected":false},"author":1,"featured_media":0,"parent":11,"menu_order":0,"comment_status":"closed","ping_status":"closed","template":"","meta":{"footnotes":""},"class_list":["post-191","page","type-page","status-publish","hentry"],"_links":{"self":[{"href":"https:\/\/www.januvdvur.cz\/index.php\/wp-json\/wp\/v2\/pages\/191","targetHints":{"allow":["GET"]}}],"collection":[{"href":"https:\/\/www.januvdvur.cz\/index.php\/wp-json\/wp\/v2\/pages"}],"about":[{"href":"https:\/\/www.januvdvur.cz\/index.php\/wp-json\/wp\/v2\/types\/page"}],"author":[{"embeddable":true,"href":"https:\/\/www.januvdvur.cz\/index.php\/wp-json\/wp\/v2\/users\/1"}],"replies":[{"embeddable":true,"href":"https:\/\/www.januvdvur.cz\/index.php\/wp-json\/wp\/v2\/comments?post=191"}],"version-history":[{"count":9,"href":"https:\/\/www.januvdvur.cz\/index.php\/wp-json\/wp\/v2\/pages\/191\/revisions"}],"predecessor-version":[{"id":1078,"href":"https:\/\/www.januvdvur.cz\/index.php\/wp-json\/wp\/v2\/pages\/191\/revisions\/1078"}],"up":[{"embeddable":true,"href":"https:\/\/www.januvdvur.cz\/index.php\/wp-json\/wp\/v2\/pages\/11"}],"wp:attachment":[{"href":"https:\/\/www.januvdvur.cz\/index.php\/wp-json\/wp\/v2\/media?parent=191"}],"curies":[{"name":"wp","href":"https:\/\/api.w.org\/{rel}","templated":true}]}}