{"id":182,"date":"2021-02-20T12:47:03","date_gmt":"2021-02-20T12:47:03","guid":{"rendered":"http:\/\/www.januvdvur.cz\/?page_id=182"},"modified":"2024-07-15T11:34:27","modified_gmt":"2024-07-15T11:34:27","slug":"kalendar-obsazenosti","status":"publish","type":"page","link":"https:\/\/www.januvdvur.cz\/index.php\/penzion\/kalendar-obsazenosti\/","title":{"rendered":"Kalend\u00e1\u0159 obsazenosti"},"content":{"rendered":"\n<p>Po najet\u00ed my\u0161\u00ed na konkr\u00e9tn\u00ed datum kalend\u00e1\u0159e se zobraz\u00ed <strong>voln\u00e9 pokoje<\/strong>.<br>Po rozbalen\u00ed \u010derven\u00e9ho pole <strong>Souhrnn\u00fd kalend\u00e1\u0159<\/strong> n\u00ed\u017ee zjist\u00edte obsazenost jednotliv\u00fdch pokoj\u016f dle jejich kapacity.<\/p>\n\n\n<p><script src=\"https:\/\/obsazenost.e-chalupy.cz\/resize.js\"><\/script><br \/>\n<iframe src=\"https:\/\/obsazenost.e-chalupy.cz\/kalendar.php?id=948&amp;legenda=ano&amp;jednotky=ano&amp;pocetMesicu=12&amp;velikost=2\" height=\"460px\" width=\"100%\" frameborder=\"0\" id=\"echalupy-kalendar\"><\/iframe><\/p>\n\n\n\n<p>Pokoje jsou v\u017edy dvoul\u016f\u017ekov\u00e9 + po\u010det mo\u017en\u00fdch p\u0159ist\u00fdlek.<br><br><strong><a href=\"https:\/\/www.januvdvur.cz\/index.php\/ubytovani-na-sypce\/\" data-type=\"page\" data-id=\"320\">Ubytov\u00e1n\u00ed na s\u00fdpce<\/a><\/strong><br><br>\u00dadaje pova\u017eujte, pros\u00edm, za nez\u00e1vazn\u00e9. Situace se st\u00e1le m\u011bn\u00ed a zanesen\u00ed do kalend\u00e1\u0159e m\u016f\u017ee m\u00edt jistou prodlevu.<br><\/p>\n\n\n\n<p><strong><a href=\"https:\/\/www.januvdvur.cz\/index.php\/penzion\/cenik-penzion\/\" data-type=\"page\" data-id=\"80\">Objedn\u00e1vka pobytu a platebn\u00ed podm\u00ednky<\/a><\/strong><\/p>\n\n\n\n<p>Pobyty si pros\u00edm objedn\u00e1vejte na e-mailov\u00e9 adrese <strong>recepce@januvdvur.cz<\/strong><\/p>\n","protected":false},"excerpt":{"rendered":"<p>Po najet\u00ed my\u0161\u00ed na konkr\u00e9tn\u00ed datum kalend\u00e1\u0159e se zobraz\u00ed voln\u00e9 pokoje.Po rozbalen\u00ed \u010derven\u00e9ho pole Souhrnn\u00fd kalend\u00e1\u0159 n\u00ed\u017ee zjist\u00edte obsazenost jednotliv\u00fdch pokoj\u016f dle jejich kapacity. Pokoje jsou v\u017edy dvoul\u016f\u017ekov\u00e9 + po\u010det mo\u017en\u00fdch p\u0159ist\u00fdlek. Ubytov\u00e1n\u00ed na s\u00fdpce \u00dadaje pova\u017eujte, pros\u00edm, za nez\u00e1vazn\u00e9. Situace se st\u00e1le m\u011bn\u00ed a zanesen\u00ed do kalend\u00e1\u0159e m\u016f\u017ee m\u00edt jistou prodlevu. Objedn\u00e1vka pobytu a &hellip; <\/p>\n<p class=\"link-more\"><a href=\"https:\/\/www.januvdvur.cz\/index.php\/penzion\/kalendar-obsazenosti\/\" class=\"more-link\">Read the full post &rarr;<span class=\"screen-reader-text\">&#8222;Kalend\u00e1\u0159 obsazenosti&#8220;<\/span><\/a><\/p>\n","protected":false},"author":1,"featured_media":0,"parent":22,"menu_order":0,"comment_status":"closed","ping_status":"closed","template":"","meta":{"footnotes":""},"class_list":["post-182","page","type-page","status-publish","hentry"],"_links":{"self":[{"href":"https:\/\/www.januvdvur.cz\/index.php\/wp-json\/wp\/v2\/pages\/182","targetHints":{"allow":["GET"]}}],"collection":[{"href":"https:\/\/www.januvdvur.cz\/index.php\/wp-json\/wp\/v2\/pages"}],"about":[{"href":"https:\/\/www.januvdvur.cz\/index.php\/wp-json\/wp\/v2\/types\/page"}],"author":[{"embeddable":true,"href":"https:\/\/www.januvdvur.cz\/index.php\/wp-json\/wp\/v2\/users\/1"}],"replies":[{"embeddable":true,"href":"https:\/\/www.januvdvur.cz\/index.php\/wp-json\/wp\/v2\/comments?post=182"}],"version-history":[{"count":16,"href":"https:\/\/www.januvdvur.cz\/index.php\/wp-json\/wp\/v2\/pages\/182\/revisions"}],"predecessor-version":[{"id":1510,"href":"https:\/\/www.januvdvur.cz\/index.php\/wp-json\/wp\/v2\/pages\/182\/revisions\/1510"}],"up":[{"embeddable":true,"href":"https:\/\/www.januvdvur.cz\/index.php\/wp-json\/wp\/v2\/pages\/22"}],"wp:attachment":[{"href":"https:\/\/www.januvdvur.cz\/index.php\/wp-json\/wp\/v2\/media?parent=182"}],"curies":[{"name":"wp","href":"https:\/\/api.w.org\/{rel}","templated":true}]}}