{"id":11,"date":"2021-02-12T17:39:09","date_gmt":"2021-02-12T17:39:09","guid":{"rendered":"http:\/\/www.januvdvur.cz\/?page_id=11"},"modified":"2024-04-26T12:10:20","modified_gmt":"2024-04-26T12:10:20","slug":"o-nas","status":"publish","type":"page","link":"https:\/\/www.januvdvur.cz\/","title":{"rendered":"O N\u00c1S"},"content":{"rendered":"\n<p><strong>Bu\u010fte v\u00edt\u00e1ni na J\u00e1\u0148ov\u011b dvo\u0159e<\/strong>, statku z roku 1780, zrekonstruovan\u00e9m tak, abyste se tu c\u00edtili dob\u0159e, a\u0165&nbsp;u\u017e jste ubytovan\u00ed v&nbsp;penzionu, kempu nebo jen na ob\u010derstvovac\u00ed zast\u00e1vce na kole. Nach\u00e1z\u00ed se v&nbsp;nejji\u017en\u011bj\u0161\u00edm koutu na\u0161\u00ed republiky, na&nbsp;k\u0159i\u017eovatce cyklostezek a z\u00e1rove\u0148 hranici s&nbsp;Rakouskem, ve&nbsp;vina\u0159sk\u00e9 vesni\u010dce Nov\u00fd P\u0159erov. Nab\u00edz\u00edme ubytov\u00e1n\u00ed a&nbsp;rekreaci pro v\u0161echny, kte\u0159\u00ed hledaj\u00ed formou agroturistiky tradi\u010dn\u00ed venkovsk\u00e9 hodnoty \u2013 klidn\u00e9 prost\u0159ed\u00ed, kontakt s&nbsp;p\u0159\u00edrodou a zv\u00ed\u0159aty, rodinnou atmosf\u00e9ru, dobrou kuchyni a m\u00edstn\u00ed produkty. Je na\u0161\u00edm p\u0159\u00e1n\u00edm, aby se na\u0161e staven\u00ed s&nbsp;historickou tv\u00e1\u0159\u00ed stalo p\u0159\u00edjemnou zast\u00e1vkou pro putuj\u00edc\u00ed cyklisty, o\u00e1zou klidu pro obyvatele m\u011bst a&nbsp;m\u00edstem z\u00e1\u017eitk\u016f pro&nbsp;rodiny s d\u011btmi.<\/p>\n\n\n\n<p><a style=\"font-weight: bold;\" href=\"https:\/\/www.januvdvur.cz\/index.php\/virtualni-prohlidka\/\" data-type=\"page\" data-id=\"191\">Virtu\u00e1ln\u00ed prohl\u00eddka J\u00e1\u0148ova dvora<\/a> | <strong><a href=\"https:\/\/www.januvdvur.cz\/index.php\/web-v-uprave\/kam-v-okoli-janova-dvora\/\" data-type=\"page\">Kam&nbsp;v&nbsp;okol\u00ed&nbsp;J\u00e1\u0148ova&nbsp;dvora<\/a><\/strong> <\/p>\n\n\n\n<div class=\"wp-block-columns is-layout-flex wp-container-core-columns-is-layout-9d6595d7 wp-block-columns-is-layout-flex\">\n<div class=\"wp-block-column is-layout-flow wp-block-column-is-layout-flow\">\n<figure class=\"wp-block-image size-large\"><img fetchpriority=\"high\" decoding=\"async\" width=\"1024\" height=\"683\" src=\"http:\/\/www.januvdvur.cz\/wp-content\/uploads\/2021\/02\/o-nas-2-1024x683.jpg\" alt=\"J\u00e1\u0148\u016fv dv\u016fr\" class=\"wp-image-142\" srcset=\"https:\/\/www.januvdvur.cz\/wp-content\/uploads\/2021\/02\/o-nas-2-1024x683.jpg 1024w, https:\/\/www.januvdvur.cz\/wp-content\/uploads\/2021\/02\/o-nas-2-300x200.jpg 300w, https:\/\/www.januvdvur.cz\/wp-content\/uploads\/2021\/02\/o-nas-2-768x512.jpg 768w, https:\/\/www.januvdvur.cz\/wp-content\/uploads\/2021\/02\/o-nas-2.jpg 1200w\" sizes=\"(max-width: 1024px) 100vw, 1024px\" \/><\/figure>\n<\/div>\n\n\n\n<div class=\"wp-block-column is-layout-flow wp-block-column-is-layout-flow\">\n<figure class=\"wp-block-image size-large\"><img decoding=\"async\" width=\"1024\" height=\"683\" src=\"http:\/\/www.januvdvur.cz\/wp-content\/uploads\/2021\/02\/o-nas-3-1024x683.jpg\" alt=\"J\u00e1\u0148\u016fv dv\u016fr\" class=\"wp-image-144\" srcset=\"https:\/\/www.januvdvur.cz\/wp-content\/uploads\/2021\/02\/o-nas-3-1024x683.jpg 1024w, https:\/\/www.januvdvur.cz\/wp-content\/uploads\/2021\/02\/o-nas-3-300x200.jpg 300w, https:\/\/www.januvdvur.cz\/wp-content\/uploads\/2021\/02\/o-nas-3-768x512.jpg 768w, https:\/\/www.januvdvur.cz\/wp-content\/uploads\/2021\/02\/o-nas-3.jpg 1200w\" sizes=\"(max-width: 1024px) 100vw, 1024px\" \/><\/figure>\n<\/div>\n<\/div>\n\n\n\n<h2 class=\"wp-block-heading\"><strong>Historie a sou\u010dasnost&nbsp;<\/strong><\/h2>\n\n\n\n<p>Obec Nov\u00fd P\u0159erov m\u00e1 za sebou, jak u\u017e to v&nbsp;pohrani\u010d\u00ed b\u00fdv\u00e1, spletit\u00fd v\u00fdvoj. Vesnici zalo\u017eili v&nbsp;16.&nbsp;stolet\u00ed Chorvat\u00e9, kte\u0159\u00ed prchali p\u0159ed Turky. Po&nbsp;v\u00e1lce v\u0161ak byli re\u017eimem ze sv\u00fdch domov\u016f vyhn\u00e1ni a&nbsp;do&nbsp;na\u0161\u00ed obce p\u0159es\u00eddlila po\u010detn\u00e1 skupina etnick\u00fdch \u010cech\u016f z Bulharska. Ti, vzhledem k&nbsp;dlouh\u00e9 dob\u011b str\u00e1ven\u00e9 v&nbsp;t\u00e9to zemi, s&nbsp;sebou p\u0159inesli nov\u00e9 kulturn\u00ed, n\u00e1bo\u017eensk\u00e9 a&nbsp;tak\u00e9 kulin\u00e1\u0159sk\u00e9 vlivy. Ji\u017eansk\u00e1 atmosf\u00e9ra je patrn\u00e1 i&nbsp;v&nbsp;na\u0161em staven\u00ed, nebo\u0165 i&nbsp;jej vystav\u011bli Chorvat\u00e9. Za&nbsp;prvn\u00ed republiky statek odkoupil sedl\u00e1k J\u00e1n\u011b, jeho\u017e jm\u00e9no nyn\u00ed nese. Byl zde posledn\u00edm hospod\u00e1\u0159em. Pot\u00e9, od&nbsp;doby kolektivizace, u\u017e&nbsp;statek pozvolna ch\u00e1tral. Koupili jsme jej u\u017e jako zpustl\u00fd objekt a&nbsp;po deseti letech usilovn\u00e9 a&nbsp;trp\u011bliv\u00e9 pr\u00e1ce p\u0159i rekonstrukci jsme tuto historicky cennou, \u010d\u00e1ste\u010dn\u011b hlin\u011bnou stavbu, otev\u0159eli roku 2009 ve\u0159ejnosti . P\u0159ij\u010fte se k&nbsp;n\u00e1m pod\u00edvat, t\u011b\u0161\u00edme se na v\u00e1s.<\/p>\n\n\n\n<div class=\"wp-block-columns is-layout-flex wp-container-core-columns-is-layout-9d6595d7 wp-block-columns-is-layout-flex\">\n<div class=\"wp-block-column is-layout-flow wp-block-column-is-layout-flow\">\n<figure class=\"wp-block-image size-large\"><img decoding=\"async\" src=\"http:\/\/www.januvdvur.cz\/wp-content\/uploads\/2021\/02\/hist-1-1024x683.jpg\" alt=\"J\u00e1\u0148\u016fv dv\u016fr\" class=\"wp-image-146\"\/><\/figure>\n<\/div>\n\n\n\n<div class=\"wp-block-column is-layout-flow wp-block-column-is-layout-flow\">\n<figure class=\"wp-block-image size-large\"><img decoding=\"async\" width=\"1024\" height=\"683\" src=\"http:\/\/www.januvdvur.cz\/wp-content\/uploads\/2021\/02\/o-nas-1-1024x683.jpg\" alt=\"J\u00e1\u0148\u016fv dv\u016fr\" class=\"wp-image-143\" srcset=\"https:\/\/www.januvdvur.cz\/wp-content\/uploads\/2021\/02\/o-nas-1-1024x683.jpg 1024w, https:\/\/www.januvdvur.cz\/wp-content\/uploads\/2021\/02\/o-nas-1-300x200.jpg 300w, https:\/\/www.januvdvur.cz\/wp-content\/uploads\/2021\/02\/o-nas-1-768x512.jpg 768w, https:\/\/www.januvdvur.cz\/wp-content\/uploads\/2021\/02\/o-nas-1.jpg 1200w\" sizes=\"(max-width: 1024px) 100vw, 1024px\" \/><\/figure>\n<\/div>\n<\/div>\n\n\n\n<h2 class=\"wp-block-heading\">Jak n\u00e1s najdete<\/h2>\n\n\n\n<div class=\"wp-block-columns is-layout-flex wp-container-core-columns-is-layout-9d6595d7 wp-block-columns-is-layout-flex\">\n<div class=\"wp-block-column is-layout-flow wp-block-column-is-layout-flow\" style=\"flex-basis:33.33%\">\n<p><strong>J\u00e1\u0148\u016fv dv\u016fr<\/strong><br>Nov\u00fd P\u0159erov 43<br>691 81, po\u0161ta B\u0159ez\u00ed<\/p>\n\n\n\n<p>Jak n\u00e1s nejl\u00e9pe kontaktovat:<br><strong>recepce@januvdvur.cz<\/strong><\/p>\n\n\n\n<p>Kontaktn\u00ed telefon na ubytov\u00e1n\u00ed:<br><strong>+420 530 506 405 \u2013 recepce<br>+420 732 644 269<\/strong><\/p>\n\n\n\n<p class=\"has-small-font-size\"><strong>Provozovatel:<\/strong><br>J\u00e1\u0148\u016fv dv\u016fr, s.r.o.<br>Nov\u00fd P\u0159erov 43, 691 81<br>I\u010c: 19172630<br>DI\u010c: CZ19172630<\/p>\n\n\n\n<p><\/p>\n<\/div>\n\n\n\n<div class=\"wp-block-column is-layout-flow wp-block-column-is-layout-flow\" style=\"flex-basis:66.66%\">\n<iframe src=\"https:\/\/www.google.com\/maps\/embed?pb=!1m14!1m8!1m3!1d10510.549327163833!2d16.494153!3d48.8079!3m2!1i1024!2i768!4f13.1!3m3!1m2!1s0x0%3A0x1d00af105e500640!2zSsOhxYjFr3YgZHbFr3I!5e0!3m2!1scs!2scz!4v1613818135753!5m2!1scs!2scz\" width=\"600\" height=\"370\" style=\"border:0;\" allowfullscreen=\"\" loading=\"lazy\"><\/iframe>\n<\/div>\n<\/div>\n","protected":false},"excerpt":{"rendered":"<p>Bu\u010fte v\u00edt\u00e1ni na J\u00e1\u0148ov\u011b dvo\u0159e, statku z roku 1780, zrekonstruovan\u00e9m tak, abyste se tu c\u00edtili dob\u0159e, a\u0165&nbsp;u\u017e jste ubytovan\u00ed v&nbsp;penzionu, kempu nebo jen na ob\u010derstvovac\u00ed zast\u00e1vce na kole. Nach\u00e1z\u00ed se v&nbsp;nejji\u017en\u011bj\u0161\u00edm koutu na\u0161\u00ed republiky, na&nbsp;k\u0159i\u017eovatce cyklostezek a z\u00e1rove\u0148 hranici s&nbsp;Rakouskem, ve&nbsp;vina\u0159sk\u00e9 vesni\u010dce Nov\u00fd P\u0159erov. Nab\u00edz\u00edme ubytov\u00e1n\u00ed a&nbsp;rekreaci pro v\u0161echny, kte\u0159\u00ed hledaj\u00ed formou agroturistiky tradi\u010dn\u00ed venkovsk\u00e9 &hellip; <\/p>\n<p class=\"link-more\"><a href=\"https:\/\/www.januvdvur.cz\/\" class=\"more-link\">Read the full post &rarr;<span class=\"screen-reader-text\">&#8222;O N\u00c1S&#8220;<\/span><\/a><\/p>\n","protected":false},"author":1,"featured_media":0,"parent":0,"menu_order":0,"comment_status":"closed","ping_status":"closed","template":"","meta":{"footnotes":""},"class_list":["post-11","page","type-page","status-publish","hentry"],"_links":{"self":[{"href":"https:\/\/www.januvdvur.cz\/index.php\/wp-json\/wp\/v2\/pages\/11","targetHints":{"allow":["GET"]}}],"collection":[{"href":"https:\/\/www.januvdvur.cz\/index.php\/wp-json\/wp\/v2\/pages"}],"about":[{"href":"https:\/\/www.januvdvur.cz\/index.php\/wp-json\/wp\/v2\/types\/page"}],"author":[{"embeddable":true,"href":"https:\/\/www.januvdvur.cz\/index.php\/wp-json\/wp\/v2\/users\/1"}],"replies":[{"embeddable":true,"href":"https:\/\/www.januvdvur.cz\/index.php\/wp-json\/wp\/v2\/comments?post=11"}],"version-history":[{"count":47,"href":"https:\/\/www.januvdvur.cz\/index.php\/wp-json\/wp\/v2\/pages\/11\/revisions"}],"predecessor-version":[{"id":1435,"href":"https:\/\/www.januvdvur.cz\/index.php\/wp-json\/wp\/v2\/pages\/11\/revisions\/1435"}],"wp:attachment":[{"href":"https:\/\/www.januvdvur.cz\/index.php\/wp-json\/wp\/v2\/media?parent=11"}],"curies":[{"name":"wp","href":"https:\/\/api.w.org\/{rel}","templated":true}]}}